{"id":3,"date":"2025-07-09T13:59:51","date_gmt":"2025-07-09T11:59:51","guid":{"rendered":"https:\/\/dev.lra.at\/?page_id=3"},"modified":"2026-02-10T08:08:52","modified_gmt":"2026-02-10T07:08:52","slug":"datenschutzerklaerung","status":"publish","type":"page","link":"https:\/\/www.lra.at\/en\/datenschutzerklaerung\/","title":{"rendered":"Datenschutzerkl\u00e4rung"},"content":{"rendered":"<div  class='flex_column av-2zp1-8e99cf43e5b3777b6ce2e220307786f2 av_one_full  avia-builder-el-0  avia-builder-el-no-sibling  first flex_column_div  '     ><section  class='av_textblock_section av-medclsx9-990b85b5b4bac8d35c0442f2c74a2fda '   itemscope=\"itemscope\" itemtype=\"https:\/\/schema.org\/CreativeWork\" ><div class='avia_textblock'  itemprop=\"text\" ><h1>Datenschutzerkl\u00e4rung<\/h1>\n<h2>Betreiber dieser Website<\/h2>\n<p>LRA \u2013 Logistics Research Austria<br \/>\nWerk-VI-Stra\u00dfe 46 (zHd Dr. Uwe Brunner)<br \/>\nA-8605 Kapfenberg<\/p>\n<p><a href=\"mailto:office@lra.at\">office@lra.at<\/a><\/p>\n<h2>Sammlung personenbezogener Daten<\/h2>\n<p>Bei der Nutzung dieser Website werden nur solche Daten erhoben, die Ihr Browser an den Server der Website \u00fcbermittelt (sog. \u201eServer-Logfiles\u201c). Es werden nur Daten erhoben, die technisch erforderlich sind, um diese Website anzuzeigen.<\/p>\n<p>Die Verarbeitung erfolgt gem\u00e4\u00df Art. 6 Abs. 1 lit. f DSGVO auf Basis des berechtigten Interesses an der Verbesserung der Stabilit\u00e4t und Funktionalit\u00e4t dieser Website.<\/p>\n<h2>Kontaktformular<\/h2>\n<p>Wenn Sie \u00fcber das Kontaktformular dieser Website oder per E-Mail Kontakt aufnehmen, werden Ihre angegebenen Daten zwecks Bearbeitung der Anfrage und f\u00fcr den Fall von Anschlussfragen bis zum Ende der Bearbeitung mindestens jedoch sechs Monate gespeichert. Ihre Daten werden nicht an Dritte weitergeleitet und nicht ohne Ihre Zustimmung an ein Drittland \u00fcbermittelt.<\/p>\n<h2>Cookies<\/h2>\n<p>Cookies sind kleine Textdateien, die auf Ihrem Computer gespeichert werden. Einige der von dieser Website verwendeten Cookies werden nach dem Ende der Browser-Sitzung, also nach Schlie\u00dfen Ihres Browsers, wieder gel\u00f6scht. Andere Cookies verbleiben auf Ihrem Endger\u00e4t und erm\u00f6glichen dem Betreiber dieser Website oder unseren Partnerunternehmen (Cookies von Drittanbietern), Ihren Browser beim n\u00e4chsten Besuch wiederzuerkennen (persistente Cookies). Werden Cookies gesetzt, erheben und verarbeiten diese im individuellen Umfang bestimmte Nutzerinformationen wie Browser- und Standortdaten sowie IP-Adresswerte. Persistente Cookies werden automatisiert nach einer vorgegebenen Dauer gel\u00f6scht, die sich je nach Cookie unterscheiden kann.<\/p>\n<p>Im Folgenden werden Sie im Detail dazu informiert, warum welche Cookies verwendet werden und geben Ihnen die M\u00f6glichkeit die Nutzung zu aktivieren oder deaktivieren. Bitte beachten Sie, dass das Blockieren von Cookies einen Einfluss auf Ihre Nutzung dieser Website haben kann.<\/p>\n<h3>Funktionale Cookies<\/h3>\n<p>Diese Cookies sind unbedingt erforderlich, um Ihnen die auf dieser Website verf\u00fcgbaren Dienste zur Verf\u00fcgung zu stellen und einige ihrer Funktionen zu nutzen. Da diese Cookies zur Bereitstellung der Website unbedingt erforderlich sind, k\u00f6nnen Sie sie nicht ablehnen, ohne die Funktionsweise unserer Website zu beeintr\u00e4chtigen.<\/p>\n<h3>Google Analytics Cookies<\/h3>\n<p>Diese Cookies sammeln Informationen, die entweder in aggregierter Form verwendet werden, um zu verstehen, wie unsere Website genutzt wird oder wie effektiv unsere Marketingkampagnen sind, oder um uns zu helfen, unsere Website und Anwendung f\u00fcr dich anzupassen, um deine Erfahrung zu verbessern.<\/p>\n<p>Wenn du nicht m\u00f6chten, dass wir deinen Besuch auf unserer Website verfolgen, kannst du das Tracking in deinem Browser hier deaktivieren:<\/p>\n<div data-disabled_by_browser=\"Please enable this feature in your browser settings and reload the page.\" class=\"av-switch-aviaPrivacyGoogleTrackingDisabled av-toggle-switch av-cookie-disable-external-toggle av-cookie-save-unchecked av-cookie-default-unchecked\"><label><input type=\"checkbox\"  id=\"aviaPrivacyGoogleTrackingDisabled\" class=\"aviaPrivacyGoogleTrackingDisabled \" name=\"aviaPrivacyGoogleTrackingDisabled\" ><span class=\"toggle-track\"><\/span><span class=\"toggle-label-content\">Click to enable\/disable Google Analytics tracking.<\/span><\/label><\/div>\n<h3>\u00dcbersicht verwendeter Cookies<\/h3>\n<div  class='avia-cookie-privacy avia-cookie-privacy-cookie-info avia-cookie-privacy-cookie-info-container '><\/div>\n<h3>Individuelle Cookie Einstellungen<\/h3>\n<p>Hier k\u00f6nnen Sie individuelle Cookie Einstellungen treffen:<\/p>\n<div class='av-privacy-popup-button-wrap '><a href='#' class='avia-button avia-cookie-consent-button av-extra-cookie-btn avia-cookie-info-btn ' >Cookie-Einstellungen<\/a><\/div>\n<h2>Eingebettete Inhalte von anderen Websites<\/h2>\n<p>Beitr\u00e4ge auf dieser Website k\u00f6nnen eingebettete Inhalte beinhalten (z.\u00a0B. Videos, Bilder, Beitr\u00e4ge etc.). Eingebettete Inhalte von anderen Websites verhalten sich exakt so, als ob der Besucher die andere Website besucht h\u00e4tte.<\/p>\n<p>Diese Websites k\u00f6nnen Daten \u00fcber Sie sammeln, Cookies benutzen, zus\u00e4tzliche Tracking-Dienste von Dritten einbetten und Ihre Interaktion mit diesem eingebetteten Inhalt aufzeichnen, inklusive Ihrer Interaktion mit dem eingebetteten Inhalt, falls Sie ein Konto haben und auf dieser Website angemeldet sind.<\/p>\n<h2>Ihre Rechte<\/h2>\n<p>Es stehen Ihnen grunds\u00e4tzlich die Rechte auf Auskunft, Berichtigung, L\u00f6schung, Einschr\u00e4nkung, Daten\u00fcbertragbarkeit, Widerruf und Widerspruch zu. Sie k\u00f6nnen jederzeit das Recht in Anspruch nehmen, mit dem Betreiber dieser Website in Kontakt zu treten, um Ihre Daten wieder l\u00f6schen zu lassen.<\/p>\n<p>Wenn Sie glauben, dass die Verarbeitung Ihrer Daten gegen das Datenschutzrecht verst\u00f6\u00dft oder Ihre datenschutzrechtlichen Anspr\u00fcche sonst in einer Weise verletzt worden sind, k\u00f6nnen Sie sich bei der Aufsichtsbeh\u00f6rde beschweren. In \u00d6sterreich ist dies die Datenschutzbeh\u00f6rde.<\/p>\n<\/div><\/section><\/div>\n","protected":false},"excerpt":{"rendered":"","protected":false},"author":1,"featured_media":0,"parent":0,"menu_order":0,"comment_status":"closed","ping_status":"closed","template":"","meta":{"_acf_changed":false,"footnotes":""},"class_list":["post-3","page","type-page","status-publish","hentry"],"acf":[],"yoast_head":"<!-- This site is optimized with the Yoast SEO plugin v26.5 - https:\/\/yoast.com\/wordpress\/plugins\/seo\/ -->\n<title>Datenschutzerkl\u00e4rung - LRA Logistics Research Austria<\/title>\n<meta name=\"robots\" content=\"noindex, nofollow\" \/>\n<meta property=\"og:locale\" content=\"en_US\" \/>\n<meta property=\"og:type\" content=\"article\" \/>\n<meta property=\"og:title\" content=\"Datenschutzerkl\u00e4rung - LRA Logistics Research Austria\" \/>\n<meta property=\"og:url\" content=\"https:\/\/www.lra.at\/en\/datenschutzerklaerung\/\" \/>\n<meta property=\"og:site_name\" content=\"LRA Logistics Research Austria\" \/>\n<meta property=\"article:modified_time\" content=\"2026-02-10T07:08:52+00:00\" \/>\n<meta property=\"og:image\" content=\"https:\/\/www.lra.at\/wp-content\/uploads\/lra-logo-dark-with-bg.png\" \/>\n\t<meta property=\"og:image:width\" content=\"800\" \/>\n\t<meta property=\"og:image:height\" content=\"347\" \/>\n\t<meta property=\"og:image:type\" content=\"image\/png\" \/>\n<meta name=\"twitter:card\" content=\"summary_large_image\" \/>\n<meta name=\"twitter:label1\" content=\"Est. reading time\" \/>\n\t<meta name=\"twitter:data1\" content=\"4 minutes\" \/>\n<script type=\"application\/ld+json\" class=\"yoast-schema-graph\">{\"@context\":\"https:\/\/schema.org\",\"@graph\":[{\"@type\":\"WebPage\",\"@id\":\"https:\/\/www.lra.at\/en\/datenschutzerklaerung\/\",\"url\":\"https:\/\/www.lra.at\/en\/datenschutzerklaerung\/\",\"name\":\"Datenschutzerkl\u00e4rung - LRA Logistics Research Austria\",\"isPartOf\":{\"@id\":\"https:\/\/www.lra.at\/en\/#website\"},\"datePublished\":\"2025-07-09T11:59:51+00:00\",\"dateModified\":\"2026-02-10T07:08:52+00:00\",\"breadcrumb\":{\"@id\":\"https:\/\/www.lra.at\/en\/datenschutzerklaerung\/#breadcrumb\"},\"inLanguage\":\"en-US\",\"potentialAction\":[{\"@type\":\"ReadAction\",\"target\":[\"https:\/\/www.lra.at\/en\/datenschutzerklaerung\/\"]}]},{\"@type\":\"BreadcrumbList\",\"@id\":\"https:\/\/www.lra.at\/en\/datenschutzerklaerung\/#breadcrumb\",\"itemListElement\":[{\"@type\":\"ListItem\",\"position\":1,\"name\":\"Startseite\",\"item\":\"https:\/\/www.lra.at\/en\/\"},{\"@type\":\"ListItem\",\"position\":2,\"name\":\"Datenschutzerkl\u00e4rung\"}]},{\"@type\":\"WebSite\",\"@id\":\"https:\/\/www.lra.at\/en\/#website\",\"url\":\"https:\/\/www.lra.at\/en\/\",\"name\":\"LRA Logistics Research Austria\",\"description\":\"Die Logistikforschungskompetenz \u00d6sterreichs\",\"publisher\":{\"@id\":\"https:\/\/www.lra.at\/en\/#organization\"},\"potentialAction\":[{\"@type\":\"SearchAction\",\"target\":{\"@type\":\"EntryPoint\",\"urlTemplate\":\"https:\/\/www.lra.at\/en\/?s={search_term_string}\"},\"query-input\":{\"@type\":\"PropertyValueSpecification\",\"valueRequired\":true,\"valueName\":\"search_term_string\"}}],\"inLanguage\":\"en-US\"},{\"@type\":\"Organization\",\"@id\":\"https:\/\/www.lra.at\/en\/#organization\",\"name\":\"LRA Logistics Research Austria\",\"url\":\"https:\/\/www.lra.at\/en\/\",\"logo\":{\"@type\":\"ImageObject\",\"inLanguage\":\"en-US\",\"@id\":\"https:\/\/www.lra.at\/en\/#\/schema\/logo\/image\/\",\"url\":\"https:\/\/www.lra.at\/wp-content\/uploads\/lra-icon-hero-bg.png\",\"contentUrl\":\"https:\/\/www.lra.at\/wp-content\/uploads\/lra-icon-hero-bg.png\",\"width\":1400,\"height\":1434,\"caption\":\"LRA Logistics Research Austria\"},\"image\":{\"@id\":\"https:\/\/www.lra.at\/en\/#\/schema\/logo\/image\/\"},\"sameAs\":[\"https:\/\/www.linkedin.com\/company\/lra-logistics-research-austria\/\"]}]}<\/script>\n<!-- \/ Yoast SEO plugin. -->","yoast_head_json":{"title":"Datenschutzerkl\u00e4rung - LRA Logistics Research Austria","robots":{"index":"noindex","follow":"nofollow"},"og_locale":"en_US","og_type":"article","og_title":"Datenschutzerkl\u00e4rung - LRA Logistics Research Austria","og_url":"https:\/\/www.lra.at\/en\/datenschutzerklaerung\/","og_site_name":"LRA Logistics Research Austria","article_modified_time":"2026-02-10T07:08:52+00:00","og_image":[{"width":800,"height":347,"url":"https:\/\/www.lra.at\/wp-content\/uploads\/lra-logo-dark-with-bg.png","type":"image\/png"}],"twitter_card":"summary_large_image","twitter_misc":{"Est. reading time":"4 minutes"},"schema":{"@context":"https:\/\/schema.org","@graph":[{"@type":"WebPage","@id":"https:\/\/www.lra.at\/en\/datenschutzerklaerung\/","url":"https:\/\/www.lra.at\/en\/datenschutzerklaerung\/","name":"Datenschutzerkl\u00e4rung - LRA Logistics Research Austria","isPartOf":{"@id":"https:\/\/www.lra.at\/en\/#website"},"datePublished":"2025-07-09T11:59:51+00:00","dateModified":"2026-02-10T07:08:52+00:00","breadcrumb":{"@id":"https:\/\/www.lra.at\/en\/datenschutzerklaerung\/#breadcrumb"},"inLanguage":"en-US","potentialAction":[{"@type":"ReadAction","target":["https:\/\/www.lra.at\/en\/datenschutzerklaerung\/"]}]},{"@type":"BreadcrumbList","@id":"https:\/\/www.lra.at\/en\/datenschutzerklaerung\/#breadcrumb","itemListElement":[{"@type":"ListItem","position":1,"name":"Startseite","item":"https:\/\/www.lra.at\/en\/"},{"@type":"ListItem","position":2,"name":"Datenschutzerkl\u00e4rung"}]},{"@type":"WebSite","@id":"https:\/\/www.lra.at\/en\/#website","url":"https:\/\/www.lra.at\/en\/","name":"LRA Logistics Research Austria","description":"Die Logistikforschungskompetenz \u00d6sterreichs","publisher":{"@id":"https:\/\/www.lra.at\/en\/#organization"},"potentialAction":[{"@type":"SearchAction","target":{"@type":"EntryPoint","urlTemplate":"https:\/\/www.lra.at\/en\/?s={search_term_string}"},"query-input":{"@type":"PropertyValueSpecification","valueRequired":true,"valueName":"search_term_string"}}],"inLanguage":"en-US"},{"@type":"Organization","@id":"https:\/\/www.lra.at\/en\/#organization","name":"LRA Logistics Research Austria","url":"https:\/\/www.lra.at\/en\/","logo":{"@type":"ImageObject","inLanguage":"en-US","@id":"https:\/\/www.lra.at\/en\/#\/schema\/logo\/image\/","url":"https:\/\/www.lra.at\/wp-content\/uploads\/lra-icon-hero-bg.png","contentUrl":"https:\/\/www.lra.at\/wp-content\/uploads\/lra-icon-hero-bg.png","width":1400,"height":1434,"caption":"LRA Logistics Research Austria"},"image":{"@id":"https:\/\/www.lra.at\/en\/#\/schema\/logo\/image\/"},"sameAs":["https:\/\/www.linkedin.com\/company\/lra-logistics-research-austria\/"]}]}},"_links":{"self":[{"href":"https:\/\/www.lra.at\/en\/wp-json\/wp\/v2\/pages\/3","targetHints":{"allow":["GET"]}}],"collection":[{"href":"https:\/\/www.lra.at\/en\/wp-json\/wp\/v2\/pages"}],"about":[{"href":"https:\/\/www.lra.at\/en\/wp-json\/wp\/v2\/types\/page"}],"author":[{"embeddable":true,"href":"https:\/\/www.lra.at\/en\/wp-json\/wp\/v2\/users\/1"}],"replies":[{"embeddable":true,"href":"https:\/\/www.lra.at\/en\/wp-json\/wp\/v2\/comments?post=3"}],"version-history":[{"count":8,"href":"https:\/\/www.lra.at\/en\/wp-json\/wp\/v2\/pages\/3\/revisions"}],"predecessor-version":[{"id":2110,"href":"https:\/\/www.lra.at\/en\/wp-json\/wp\/v2\/pages\/3\/revisions\/2110"}],"wp:attachment":[{"href":"https:\/\/www.lra.at\/en\/wp-json\/wp\/v2\/media?parent=3"}],"curies":[{"name":"wp","href":"https:\/\/api.w.org\/{rel}","templated":true}]}}